{"id":258,"date":"2025-06-12T16:49:32","date_gmt":"2025-06-12T14:49:32","guid":{"rendered":"https:\/\/carnetdaccueil.hotelduphare-belle-ile.fr\/se-promener\/"},"modified":"2025-06-18T17:01:46","modified_gmt":"2025-06-18T15:01:46","slug":"se-promener","status":"publish","type":"page","link":"https:\/\/carnetdaccueil.hotelduphare-belle-ile.fr\/en\/se-promener\/","title":{"rendered":"Walk around"},"content":{"rendered":"\n\n<section class=\"block-hero block-hero-1 align-center has-text-color has-white-color wp-elements-cbcd77d10cd9d34a3434d5a5eda1391b\"\n         data-dark-bg>\n            <section class=\"section-breadcrumb\">\n            <div class=\"container\">\n                            <div class=\"breadcrumb\">\n            <ul class=\"breadcrumb-list\">\n                <li class=\"breadcrumb-list_item\">\n                    <a href=\"https:\/\/carnetdaccueil.hotelduphare-belle-ile.fr\/en\/\">Accueil<\/a>\n                <\/li>\n                                    <li class=\"breadcrumb-list_item\"><\/li>\n                            <\/ul>\n        <\/div>\n    \n            <\/div>\n        <\/section>\n        <div class=\"block-hero-1_bg\">\n                    <img decoding=\"async\" src=\"https:\/\/carnetdaccueil.hotelduphare-belle-ile.fr\/wp-content\/uploads\/2025\/06\/Hero_sepromener.jpg\" alt=\"Hero Sepromener\">\n    \n    <\/div>\n    <div class=\"block-hero-1_content\">\n        <div class=\"container\">\n            <div class=\"grid\">\n                <div class=\"grid_content\">\n                                                    <h1 class=\"title title-hero\">Take a walk, discover, escape, relax <\/h1>\n    \n                                            \n                                    <\/div>\n            <\/div>\n        <\/div>\n    <\/div>\n<\/section>\n\n\n\n<section     class=\"block-content block-content-3 img-left\"\n        >\n    <div class=\"container\">\n        <div class=\"grid\">\n            <div class=\"grid_content\">\n                            <h2 class=\"title title-section\">Walk around<\/h2>\n    \n                            <div class=\"editor\"><h3>Natural sites<\/h3>\n<p>Pointes des Poulains, Grotte de l\u2019Apothicaire, Les aiguilles de Port Coton, La pointe de Kerdonis, La Pointe de Pouldon, Pointe du Skeul (Locmaria)<\/p>\n<h3>Local guides  :<\/h3>\n<p>Am\u00e9lie Mah\u00e9, guide randonn\u00e9es<br \/>\nTel : 06 83 10 13 21<br \/>\nEmail : ameliemahe56@gmail.com<\/p>\n<p>Maison de la nature<br \/>\nTel : 02 97 31 40 15<br \/>\nEmail : accueil@belle-ile-nature.org<\/p>\n<\/div>\n    \n                                <div class=\"cards\">\n                                <div class=\"card-item\">\n                            <h3 class=\"subtitle\">Beaches<\/h3>\n                <div class=\"card-item_text\">La plage du Donnant, La plage de Ramonette, La plage des grands sables (Locamaria), La plage du Herlin<\/div>\n    <\/div>\n\n                                <div class=\"card-item\">\n                            <h3 class=\"subtitle\">Ports<\/h3>\n                <div class=\"card-item_text\">Port de Sauzon<br \/>\r\nPort de Le Palais<\/div>\n    <\/div>\n\n                    <\/div>\n    \n                            <\/div>\n            <div class=\"grid_media\">\n                            <img decoding=\"async\" src=\"https:\/\/carnetdaccueil.hotelduphare-belle-ile.fr\/wp-content\/uploads\/2025\/06\/peche.jpg\" alt=\"Peche\">\n    \n            <\/div>\n        <\/div>\n    <\/div>\n<\/section>\n\n\n\n<section     class=\"block-services block-services-3\"\n        >\n    <div class=\"container\">\n        <div class=\"grid\">\n            <div class=\"grid_title\">\n                            <h2 class=\"title title-section\">Discover<\/h2>\n    \n            <\/div>\n            <div class=\"grid_content subgrid\">\n                                                <div class=\"card card-services-3\">\n        <div class=\"card_image\">\n                        <img decoding=\"async\" src=\"https:\/\/carnetdaccueil.hotelduphare-belle-ile.fr\/wp-content\/uploads\/2025\/06\/musee.jpg\" alt=\"Musee\">\n    \n        <\/div>\n        <div class=\"card_content\">\n            <h3 class=\"subtitle\">Sarah Bernhardt museum space<\/h3>\n            <div class=\"text\">Pointe des Poulains &#8211; 56360\u00a0Sauzon<br \/>\r\n<br \/>\r\nTel. : 02 97 31 61 29<br \/>\r\nGuided tour by reservation at 06.70.63.93.68<br \/>\r\nResidence of actress Sarah Bernhardt decorated as in 1904, which traces the career of the famous actress and the summers spent at Belle-Ile.<br \/>\r\n<br \/>\r\nOpening days :<br \/>\r\nFrom April 10 to July 9 and from August 30 to September 30: Tuesday to Sunday from 11 a.m. to 5.30 p.m., Saturday from 1 p.m. to 5.30 p.m.<br \/>\r\nFrom July 10 to August 29: every day from 11 a.m. to 6 p.m.<br \/>\r\nFrom October 1 to 15: Wednesday, Friday and Saturday from 1 p.m. to 5 p.m.<br \/>\r\nFrom October 16 to 31: Tuesday to Sunday from 1 p.m. to 5 p.m.<br \/>\r\n<\/div>\n                    <\/div>\n    <\/div>\n\n                                                <div class=\"card card-services-3\">\n        <div class=\"card_image\">\n                        <img decoding=\"async\" src=\"https:\/\/carnetdaccueil.hotelduphare-belle-ile.fr\/wp-content\/uploads\/2025\/06\/littoral.jpg\" alt=\"Littoral\">\n    \n        <\/div>\n        <div class=\"card_content\">\n            <h3 class=\"subtitle\">The Coastal House<\/h3>\n            <div class=\"text\">Pointe des Poulains &#8211; 56360\u00a0Sauzon<br \/>\r\n<br \/>\r\nA house to discover the richness of the natural spaces of Belle-Ile.<br \/>\r\nOpening days :<br \/>\r\nApril 10 to July 9: 11 a.m. to 5.30 p.m. (closed Monday and Saturday mornings) and Saturday 1 p.m. to 5.30 p.m.<br \/>\r\nFrom July 10 to August 29: every 11 a.m. to 6 p.m.<br \/>\r\nFrom August 30 to September 30: Tuesday to Friday from 11 a.m. to 5.30 p.m., Saturday from 1 p.m. to 5.30 p.m.<br \/>\r\nFrom October 1 to 15: Wednesday, Friday and Saturday from 1 p.m. to 5 p.m.<br \/>\r\nOctober 16 to 31: 1 p.m. to 5 p.m. Tuesday to Sunday.<br \/>\r\n<br \/>\r\n<\/div>\n                    <\/div>\n    <\/div>\n\n                                                <div class=\"card card-services-3\">\n        <div class=\"card_image\">\n                        <img decoding=\"async\" src=\"https:\/\/carnetdaccueil.hotelduphare-belle-ile.fr\/wp-content\/uploads\/2025\/06\/citadelle.jpg\" alt=\"Citadelle\">\n    \n        <\/div>\n        <div class=\"card_content\">\n            <h3 class=\"subtitle\">Vauban citadel<\/h3>\n            <div class=\"text\">56360 Le Palais<br \/>\r\n<br \/>\r\nDominating the port of the Palace, the Vauban Citadel symbolizes a thousand years of history in Belle-Ile-en-Mer. Founded in the Middle Ages, remodeled by Vauban from 1683, it now deploys, after 40 years of restoration, its 10 hectares of bastions, curtain walls, casemates, powder magazines, arsenal &#8230; in the middle of a landscaped park and in an exceptional panorama.<br \/>\r\nOpening days<br \/>\r\nFebruary, March: 9:30 a.m. &#8211; 5 p.m. April, May and June: 9:30 a.m. &#8211; 6 p.m. July, August: 9 a.m. &#8211; 7 p.m. September, October: 9:30 a.m. &#8211; 6 p.m. November, December: 9:30 a.m. &#8211; 5:00 p.m.<br \/>\r\n<br \/>\r\n<br \/>\r\nTel\u00a0: 02 97 31 85 54<br \/>\r\nEmail : musee.vauban@leshotelsparticuliers.com<\/div>\n                            <div class=\"action\">\n                                                                <a href=\"https:\/\/www.citadellevauban.com\/\"\n       class=\"link link-primary\"\n                            target=\"_blank\" rel=\"nofollow noopener\"\n                >\n        <span class=\"link_title\">Discover the Vauban citadel<\/span>\n            <\/a>\n\n                <\/div>\n                    <\/div>\n    <\/div>\n\n                                                <div class=\"card card-services-3\">\n        <div class=\"card_image\">\n                        <img decoding=\"async\" src=\"https:\/\/carnetdaccueil.hotelduphare-belle-ile.fr\/wp-content\/uploads\/2025\/06\/eglise.jpg\" alt=\"E\u0301glise\">\n    \n        <\/div>\n        <div class=\"card_content\">\n            <h3 class=\"subtitle\">Church of Locmaria<\/h3>\n            <div class=\"text\">Place M\u00e9audre Locmaria &#8211; 56360\u00a0Locmaria<br \/>\r\n<br \/>\r\nThe Church of Locmaria is said to be the oldest on the island. It has a large main building with the great altar at the gable of the Levant, and 2 arms with chapels on each side. The ex-voto is a boat suspended above the faithful.<\/div>\n                    <\/div>\n    <\/div>\n\n                                                <div class=\"card card-services-3\">\n        <div class=\"card_image\">\n                        <img decoding=\"async\" src=\"https:\/\/carnetdaccueil.hotelduphare-belle-ile.fr\/wp-content\/uploads\/2025\/06\/fluid.jpg\" alt=\"Fluid\">\n    \n        <\/div>\n        <div class=\"card_content\">\n            <h3 class=\"subtitle\">Flu\u00efd, blower art glass<\/h3>\n            <div class=\"text\">Vallon de Bordilla \u2013 56360 Le Palais<br \/>\r\n<br \/>\r\nOpening days: Monday to Friday 10 a.m. to 1 p.m. and 2 p.m. to 5 p.m., Saturday 9 a.m. to 12 p.m.<br \/>\r\nTel\u00a0: 02.97.31.29.01 \/ 06.71.00.11.82<br \/>\r\nEmail\u00a0: contact@fluid.coop<\/div>\n                            <div class=\"action\">\n                                                                <a href=\"https:\/\/www.fluid.coop\/\"\n       class=\"link link-primary\"\n                >\n        <span class=\"link_title\">Discover Flu\u00efd<\/span>\n            <\/a>\n\n                <\/div>\n                    <\/div>\n    <\/div>\n\n                            <\/div>\n        <\/div>\n    <\/div>\n<\/section>\n\n\n\n<section     class=\"block-switch block-switch-1\"\n        >\n    <div class=\"container\">\n        <div class=\"grid\">\n            <div class=\"grid_title\">\n                            <h2 class=\"title title-section\">Escape, relax<\/h2>\n    \n            <\/div>\n            <div class=\"grid_content\">\n                                    <div class=\"tabs\">\n                        <div class=\"tabs_nav\">\n                                                                                                                        <div class=\"tabs_nav-item active\"\n                                     data-tab=\"tabSwitch_1-1\">\n                                    Golf\n                                <\/div>\n                                                                                            <div class=\"tabs_nav-item\"\n                                     data-tab=\"tabSwitch_1-2\">\n                                    Sports nautiques\n                                <\/div>\n                                                                                            <div class=\"tabs_nav-item\"\n                                     data-tab=\"tabSwitch_1-3\">\n                                    Horse riding\n                                <\/div>\n                                                                                            <div class=\"tabs_nav-item\"\n                                     data-tab=\"tabSwitch_1-4\">\n                                    Sea trips\n                                <\/div>\n                                                                                            <div class=\"tabs_nav-item\"\n                                     data-tab=\"tabSwitch_1-5\">\n                                    Thalassoth\u00e9rapie\n                                <\/div>\n                                                    <\/div>\n                        <div class=\"tabs_content\">\n                                                                                                                                                                                                                        <div class=\"tabs_content-panel active\"\n                                     data-tab=\"tabSwitch_1-1\">\n                                    <div class=\"grid\">\n                                        <div class=\"grid_image\">\n                                                        <img decoding=\"async\" src=\"https:\/\/carnetdaccueil.hotelduphare-belle-ile.fr\/wp-content\/uploads\/2025\/06\/golf-1.jpg\" alt=\"Golf (1)\">\n    \n                                        <\/div>\n                                        <div class=\"grid_content\">\n                                            <h3 class=\"subtitle\"><\/h3>\n                                                        <div class=\"editor\"><p>Golf de Belle-Ile-en- Mer<\/p>\n<p>Route des Poulains \u2013 56360 Sauzon<\/p>\n<p>Tel\u00a0: 02.97.31.64.65<\/p>\n<p>Established on the estate of Sarah Bernhardt. Characteristics: 14 Holes \/ PAR 56\/4635 meters \/ 55 Hectares. Golf school, initiation and internship.<br \/>\nOpen: April to October<\/p>\n<\/div>\n    \n                                                                                    <\/div>\n                                    <\/div>\n                                <\/div>\n                                                                                                                                                                                            <div class=\"tabs_content-panel\"\n                                     data-tab=\"tabSwitch_1-2\">\n                                    <div class=\"grid\">\n                                        <div class=\"grid_image\">\n                                                        <img decoding=\"async\" src=\"https:\/\/carnetdaccueil.hotelduphare-belle-ile.fr\/wp-content\/uploads\/2025\/06\/surf.jpg\" alt=\"Surf\">\n    \n                                        <\/div>\n                                        <div class=\"grid_content\">\n                                            <h3 class=\"subtitle\"><\/h3>\n                                                        <div class=\"editor\"><p><strong>Ty school<\/strong><br \/>\nPlage du Donnant \u2013 56360 Sauzon<br \/>\nTel : 06.63.86.75.47<br \/>\nEmail : info@tyschool.org<br \/>\nSite web : www.tyschool.org<br \/>\nSurf scholl, bodyboard, stand-up paddle<\/p>\n<p><strong>Belle-Ile Surf Club<\/strong><br \/>\n12 Les Hauts de Rosboser &#8211; 56360 Le Palais<br \/>\nTel : 06.77.12.37.80<br \/>\nEmail : belleilesurfclub@gmail.com<br \/>\nSite web : www.belleilesurfclub.fr<br \/>\nSurf club and school (surf, bodyboard, paddle)<\/p>\n<p><strong>Base nautique Vives-Eaux<\/strong><br \/>\nChemin de port puce &#8211; 56360 Sauzon<br \/>\nT\u00e9l. : 02.97.31.00.93<br \/>\nEmail : contact@vives-eaux.fr<br \/>\nKayak and paddle<\/p>\n<p><strong>Ecole de voile Horizon<\/strong><br \/>\nPlage des grands sables \u2013 BP 62 \u2013 56360 Locmaria<br \/>\nTel : 02.97.31.54.71<br \/>\nEmail : horizon@oceanet.fr<br \/>\nSite web : www.belleile-voile.fr<\/p>\n<p><strong>Angelus Plong\u00e9e<\/strong><br \/>\nIn July and August: stand every morning from 9:30 am to 12:30 pm on the market at Le Palais.<br \/>\nOur explosive departures: on Cale Bonnelle, near the red lighthouse at the entrance to the port of Le Palais.<br \/>\nOur beach departures: Deuborh beach, between Sauzon and Pointe des Poulains.<br \/>\nDeuborh Beach: Google Maps 47 \u00b0 22&#8217;45.5 \u2033 N 3 \u00b0 14&#8217;16.2 \u2033 W<br \/>\nTel : 06.85.13.83.76<br \/>\nSite web : angelus-plongee.com<\/p>\n<\/div>\n    \n                                                                                    <\/div>\n                                    <\/div>\n                                <\/div>\n                                                                                                                                                                                            <div class=\"tabs_content-panel\"\n                                     data-tab=\"tabSwitch_1-3\">\n                                    <div class=\"grid\">\n                                        <div class=\"grid_image\">\n                                                        <img decoding=\"async\" src=\"https:\/\/carnetdaccueil.hotelduphare-belle-ile.fr\/wp-content\/uploads\/2025\/06\/equitation.jpg\" alt=\"Equitation\">\n    \n                                        <\/div>\n                                        <div class=\"grid_content\">\n                                            <h3 class=\"subtitle\"><\/h3>\n                                                        <div class=\"editor\"><p>Centre \u00e9questre La ferme du Poney bleu<\/p>\n<p>Anter &#8211; 56360\u00a0Sauzon<\/p>\n<p>Tel\u00a0: 02.97.31.64.32<\/p>\n<p>Open all year.<\/p>\n<\/div>\n    \n                                                                                    <\/div>\n                                    <\/div>\n                                <\/div>\n                                                                                                                                                                                            <div class=\"tabs_content-panel\"\n                                     data-tab=\"tabSwitch_1-4\">\n                                    <div class=\"grid\">\n                                        <div class=\"grid_image\">\n                                                        <img decoding=\"async\" src=\"https:\/\/carnetdaccueil.hotelduphare-belle-ile.fr\/wp-content\/uploads\/2025\/06\/Sortieenmer-1.jpg\" alt=\"Sortieenmer (1)\">\n    \n                                        <\/div>\n                                        <div class=\"grid_content\">\n                                            <h3 class=\"subtitle\"><\/h3>\n                                                        <div class=\"editor\"><p>Tours d\u2019\u00eeles<\/p>\n<p>Port &#8211; 56360\u00a0Sauzon<\/p>\n<p>Tel\u00a0: 06.63.53.47.18<\/p>\n<p>Discovery of the islands by the sea.<\/p>\n<\/div>\n    \n                                                                                    <\/div>\n                                    <\/div>\n                                <\/div>\n                                                                                                                                                                                            <div class=\"tabs_content-panel\"\n                                     data-tab=\"tabSwitch_1-5\">\n                                    <div class=\"grid\">\n                                        <div class=\"grid_image\">\n                                                        <img decoding=\"async\" src=\"https:\/\/carnetdaccueil.hotelduphare-belle-ile.fr\/wp-content\/uploads\/2025\/06\/thalasso.jpg\" alt=\"\">\n    \n                                        <\/div>\n                                        <div class=\"grid_content\">\n                                            <h3 class=\"subtitle\"><\/h3>\n                                                        <div class=\"editor\"><p>Castel Clara Thalasso &amp; Spa<\/p>\n<p>Port de Goulphar \u2013 56360 Bangor<\/p>\n<p>Tel\u00a0: 02.97.31.84.21<\/p>\n<p>Email\u00a0: <a href=\"mailto:reservation.cc@book-inn-france.com\">reservation.cc@book-inn-france.com<\/a><\/p>\n<p>Site web\u00a0: www.castel-clara.com<\/p>\n<p>Space dedicated to well-being and beauty, offering complete care.<\/p>\n<\/div>\n    \n                                                                                    <\/div>\n                                    <\/div>\n                                <\/div>\n                                                    <\/div>\n                    <\/div>\n                            <\/div>\n        <\/div>\n    <\/div>\n<\/section>","protected":false},"excerpt":{"rendered":"","protected":false},"author":1,"featured_media":0,"parent":0,"menu_order":0,"comment_status":"closed","ping_status":"closed","template":"","meta":{"_acf_changed":false,"footnotes":""},"class_list":["post-258","page","type-page","status-publish","hentry"],"acf":[],"_links":{"self":[{"href":"https:\/\/carnetdaccueil.hotelduphare-belle-ile.fr\/en\/wp-json\/wp\/v2\/pages\/258","targetHints":{"allow":["GET"]}}],"collection":[{"href":"https:\/\/carnetdaccueil.hotelduphare-belle-ile.fr\/en\/wp-json\/wp\/v2\/pages"}],"about":[{"href":"https:\/\/carnetdaccueil.hotelduphare-belle-ile.fr\/en\/wp-json\/wp\/v2\/types\/page"}],"author":[{"embeddable":true,"href":"https:\/\/carnetdaccueil.hotelduphare-belle-ile.fr\/en\/wp-json\/wp\/v2\/users\/1"}],"replies":[{"embeddable":true,"href":"https:\/\/carnetdaccueil.hotelduphare-belle-ile.fr\/en\/wp-json\/wp\/v2\/comments?post=258"}],"version-history":[{"count":4,"href":"https:\/\/carnetdaccueil.hotelduphare-belle-ile.fr\/en\/wp-json\/wp\/v2\/pages\/258\/revisions"}],"predecessor-version":[{"id":337,"href":"https:\/\/carnetdaccueil.hotelduphare-belle-ile.fr\/en\/wp-json\/wp\/v2\/pages\/258\/revisions\/337"}],"wp:attachment":[{"href":"https:\/\/carnetdaccueil.hotelduphare-belle-ile.fr\/en\/wp-json\/wp\/v2\/media?parent=258"}],"curies":[{"name":"wp","href":"https:\/\/api.w.org\/{rel}","templated":true}]}}